{"id":4309,"date":"2026-01-26T12:04:19","date_gmt":"2026-01-26T12:04:19","guid":{"rendered":"https:\/\/agiligroup.com\/project-management\/"},"modified":"2026-04-06T11:08:10","modified_gmt":"2026-04-06T11:08:10","slug":"project-management","status":"publish","type":"page","link":"https:\/\/agiligroup.com\/da\/project-management\/","title":{"rendered":"Projektledelse"},"content":{"rendered":"\t\t<div data-elementor-type=\"wp-page\" data-elementor-id=\"4309\" class=\"elementor elementor-4309 elementor-3230\" data-elementor-post-type=\"page\">\n\t\t\t\t<div class=\"elementor-element elementor-element-a905bc6 e-flex e-con-boxed sc_layouts_column_icons_position_left e-con e-child\" data-id=\"a905bc6\" data-element_type=\"container\" data-e-type=\"container\">\n\t\t\t\t\t<div class=\"e-con-inner\">\n\t\t<div class=\"elementor-element elementor-element-799ce44 e-con-full e-flex sc_layouts_column_icons_position_left e-con e-child\" data-id=\"799ce44\" data-element_type=\"container\" data-e-type=\"container\">\n\t\t\t\t<div data-animation-type=\"block\" class=\"elementor-element elementor-element-d6af11d animation_type_block sc_fly_static elementor-invisible elementor-widget elementor-widget-heading\" data-id=\"d6af11d\" data-element_type=\"widget\" data-e-type=\"widget\" data-settings=\"{&quot;_animation&quot;:&quot;ta_fadeinup&quot;}\" data-widget_type=\"heading.default\">\n\t\t\t\t<div class=\"elementor-widget-container\">\n\t\t\t\t\t<h6 class=\"elementor-heading-title elementor-size-default\">Projektledelse<\/h6>\t\t\t\t<\/div>\n\t\t\t\t<\/div>\n\t\t\t\t<div data-animation-type=\"block\" class=\"elementor-element elementor-element-08b9ef1 animation_type_block sc_fly_static elementor-invisible elementor-widget elementor-widget-heading\" data-id=\"08b9ef1\" data-element_type=\"widget\" data-e-type=\"widget\" data-settings=\"{&quot;_animation&quot;:&quot;ta_fadeinup&quot;}\" data-widget_type=\"heading.default\">\n\t\t\t\t<div class=\"elementor-widget-container\">\n\t\t\t\t\t<h1 class=\"elementor-heading-title elementor-size-default\">Projektledelse er simpelt, hvis din metode er solid.<\/h1>\t\t\t\t<\/div>\n\t\t\t\t<\/div>\n\t\t\t\t<\/div>\n\t\t<div class=\"e-con-gap-no elementor-element elementor-element-639206c e-con-full e-flex sc_layouts_column_icons_position_left animation_type_block elementor-invisible e-con e-child\" data-animation-type=\"block\" data-id=\"639206c\" data-element_type=\"container\" data-e-type=\"container\" data-settings=\"{&quot;position&quot;:&quot;absolute&quot;,&quot;animation&quot;:&quot;ta_fadeinup&quot;}\">\n\t\t\t\t<\/div>\n\t\t\t\t\t<\/div>\n\t\t\t\t<\/div>\n\t\t<div class=\"e-con-gap-no elementor-element elementor-element-7eb239b e-con-full e-flex sc_layouts_column_icons_position_left e-con e-parent\" data-id=\"7eb239b\" data-element_type=\"container\" data-e-type=\"container\" data-settings=\"{&quot;background_background&quot;:&quot;classic&quot;}\">\n\t\t\t\t<\/div>\n\t\t<div class=\"elementor-element elementor-element-f296985 e-flex e-con-boxed sc_layouts_column_icons_position_left e-con e-child\" data-id=\"f296985\" data-element_type=\"container\" data-e-type=\"container\">\n\t\t\t\t\t<div class=\"e-con-inner\">\n\t\t<div class=\"e-con-gap-no elementor-element elementor-element-dd68b37 e-con-full e-flex sc_layouts_column_icons_position_left e-con e-child\" data-id=\"dd68b37\" data-element_type=\"container\" data-e-type=\"container\">\n\t\t\t\t<\/div>\n\t\t<div class=\"elementor-element elementor-element-07fc53c e-con-full e-flex sc_layouts_column_icons_position_left e-con e-child\" data-id=\"07fc53c\" data-element_type=\"container\" data-e-type=\"container\">\n\t\t<div class=\"elementor-element elementor-element-09b9239 e-flex e-con-boxed sc_layouts_column_icons_position_left e-con e-child\" data-id=\"09b9239\" data-element_type=\"container\" data-e-type=\"container\">\n\t\t\t\t\t<div class=\"e-con-inner\">\n\t\t<div class=\"elementor-element elementor-element-ee5cf42 e-con-full e-flex sc_layouts_column_icons_position_left e-con e-child\" data-id=\"ee5cf42\" data-element_type=\"container\" data-e-type=\"container\">\n\t\t\t\t<div data-animation-type=\"block\" class=\"elementor-element elementor-element-f5ee2ab animation_type_block sc_fly_static elementor-invisible elementor-widget elementor-widget-heading\" data-id=\"f5ee2ab\" data-element_type=\"widget\" data-e-type=\"widget\" data-settings=\"{&quot;_animation_delay&quot;:50,&quot;_animation&quot;:&quot;ta_fadeinup&quot;}\" data-widget_type=\"heading.default\">\n\t\t\t\t<div class=\"elementor-widget-container\">\n\t\t\t\t\t<h3 class=\"elementor-heading-title elementor-size-default\">Du kan hyre de mest kompetente udviklere og konsulenter i branchen, men hvis du ikke har en helt klar forst\u00e5else for, hvordan du styrer dit projekt, kan det g\u00e5 helt galt.<\/h3>\t\t\t\t<\/div>\n\t\t\t\t<\/div>\n\t\t\t\t<\/div>\n\t\t<div class=\"elementor-element elementor-element-d74bb35 e-con-full e-flex sc_layouts_column_icons_position_left e-con e-child\" data-id=\"d74bb35\" data-element_type=\"container\" data-e-type=\"container\">\n\t\t\t\t<div data-animation-type=\"block\" class=\"elementor-element elementor-element-4811f64 animation_type_block sc_fly_static elementor-invisible elementor-widget elementor-widget-text-editor\" data-id=\"4811f64\" data-element_type=\"widget\" data-e-type=\"widget\" data-settings=\"{&quot;_animation_delay&quot;:100,&quot;_animation&quot;:&quot;ta_fadeinup&quot;}\" data-widget_type=\"text-editor.default\">\n\t\t\t\t<div class=\"elementor-widget-container\">\n\t\t\t\t\t\t\t\t\t<p><span class=\"page-bread\">Det vil v\u00e6re os en forn\u00f8jelse, at lede jeres implementering af Dynamics NAV Business Central eller r\u00e5dgive jeres interne projktleder, s\u00e5 I n\u00e5r sikkert i m\u00e5l.<\/span><\/p><p><span class=\"page-bread\">Vi er hysteriske omkring god projektledelse, og brug af en Agil metode<\/span>.<\/p>\t\t\t\t\t\t\t\t<\/div>\n\t\t\t\t<\/div>\n\t\t\t\t<div data-animation-type=\"block\" class=\"elementor-element elementor-element-58f5cad elementor-mobile-align-center get-started elementor-hidden-desktop elementor-hidden-tablet elementor-hidden-mobile animation_type_block sc_fly_static elementor-invisible elementor-widget elementor-widget-button\" data-id=\"58f5cad\" data-element_type=\"widget\" data-e-type=\"widget\" data-settings=\"{&quot;_animation&quot;:&quot;ta_fadeinup&quot;,&quot;_animation_delay&quot;:500}\" data-widget_type=\"button.default\">\n\t\t\t\t<div class=\"elementor-widget-container\">\n\t\t\t\t\t\t\t\t\t<div class=\"elementor-button-wrapper\">\n\t\t\t\t\t<a class=\"elementor-button elementor-size-sm\" role=\"button\">\n\t\t\t\t\t\t<span class=\"elementor-button-content-wrapper\">\n\t\t\t\t\t\t\t\t\t<span class=\"elementor-button-text\">Get Started<\/span>\n\t\t\t\t\t<\/span>\n\t\t\t\t\t<\/a>\n\t\t\t\t<\/div>\n\t\t\t\t\t\t\t\t<\/div>\n\t\t\t\t<\/div>\n\t\t\t\t<\/div>\n\t\t\t\t\t<\/div>\n\t\t\t\t<\/div>\n\t\t\t\t<\/div>\n\t\t\t\t\t<\/div>\n\t\t\t\t<\/div>\n\t\t\t\t<\/div>\n\t\t","protected":false},"excerpt":{"rendered":"<p>Projektledelse Projektledelse er simpelt, hvis din&hellip;<\/p>\n","protected":false},"author":1,"featured_media":0,"parent":0,"menu_order":0,"comment_status":"closed","ping_status":"closed","template":"","meta":{"inline_featured_image":false,"footnotes":""},"class_list":["post-4309","page","type-page","status-publish","hentry"],"_links":{"self":[{"href":"https:\/\/agiligroup.com\/da\/wp-json\/wp\/v2\/pages\/4309","targetHints":{"allow":["GET"]}}],"collection":[{"href":"https:\/\/agiligroup.com\/da\/wp-json\/wp\/v2\/pages"}],"about":[{"href":"https:\/\/agiligroup.com\/da\/wp-json\/wp\/v2\/types\/page"}],"author":[{"embeddable":true,"href":"https:\/\/agiligroup.com\/da\/wp-json\/wp\/v2\/users\/1"}],"replies":[{"embeddable":true,"href":"https:\/\/agiligroup.com\/da\/wp-json\/wp\/v2\/comments?post=4309"}],"version-history":[{"count":14,"href":"https:\/\/agiligroup.com\/da\/wp-json\/wp\/v2\/pages\/4309\/revisions"}],"predecessor-version":[{"id":4990,"href":"https:\/\/agiligroup.com\/da\/wp-json\/wp\/v2\/pages\/4309\/revisions\/4990"}],"wp:attachment":[{"href":"https:\/\/agiligroup.com\/da\/wp-json\/wp\/v2\/media?parent=4309"}],"curies":[{"name":"wp","href":"https:\/\/api.w.org\/{rel}","templated":true}]}}