{"id":4293,"date":"2026-01-26T12:03:21","date_gmt":"2026-01-26T12:03:21","guid":{"rendered":"https:\/\/agiligroup.com\/training\/"},"modified":"2026-04-06T11:09:53","modified_gmt":"2026-04-06T11:09:53","slug":"training","status":"publish","type":"page","link":"https:\/\/agiligroup.com\/da\/training\/","title":{"rendered":"Undervisning"},"content":{"rendered":"\t\t<div data-elementor-type=\"wp-page\" data-elementor-id=\"4293\" class=\"elementor elementor-4293 elementor-3223\" data-elementor-post-type=\"page\">\n\t\t\t\t<div class=\"elementor-element elementor-element-361f193 e-flex e-con-boxed sc_layouts_column_icons_position_left e-con e-child\" data-id=\"361f193\" data-element_type=\"container\" data-e-type=\"container\">\n\t\t\t\t\t<div class=\"e-con-inner\">\n\t\t<div class=\"elementor-element elementor-element-1d1bb57 e-con-full e-flex sc_layouts_column_icons_position_left e-con e-child\" data-id=\"1d1bb57\" data-element_type=\"container\" data-e-type=\"container\">\n\t\t\t\t<div data-animation-type=\"block\" class=\"elementor-element elementor-element-6bb4a6f animation_type_block sc_fly_static elementor-invisible elementor-widget elementor-widget-heading\" data-id=\"6bb4a6f\" data-element_type=\"widget\" data-e-type=\"widget\" data-settings=\"{&quot;_animation&quot;:&quot;ta_fadeinup&quot;}\" data-widget_type=\"heading.default\">\n\t\t\t\t<div class=\"elementor-widget-container\">\n\t\t\t\t\t<h6 class=\"elementor-heading-title elementor-size-default\">Undervisning<\/h6>\t\t\t\t<\/div>\n\t\t\t\t<\/div>\n\t\t\t\t<div data-animation-type=\"block\" class=\"elementor-element elementor-element-dae1043 animation_type_block sc_fly_static elementor-invisible elementor-widget elementor-widget-heading\" data-id=\"dae1043\" data-element_type=\"widget\" data-e-type=\"widget\" data-settings=\"{&quot;_animation&quot;:&quot;ta_fadeinup&quot;}\" data-widget_type=\"heading.default\">\n\t\t\t\t<div class=\"elementor-widget-container\">\n\t\t\t\t\t<h1 class=\"elementor-heading-title elementor-size-default\"> Vi mener, at l\u00e6ring skal v\u00e6re en positiv oplevelse.<\/h1>\t\t\t\t<\/div>\n\t\t\t\t<\/div>\n\t\t\t\t<\/div>\n\t\t<div class=\"e-con-gap-no elementor-element elementor-element-47e206d e-con-full e-flex sc_layouts_column_icons_position_left animation_type_block elementor-invisible e-con e-child\" data-animation-type=\"block\" data-id=\"47e206d\" data-element_type=\"container\" data-e-type=\"container\" data-settings=\"{&quot;position&quot;:&quot;absolute&quot;,&quot;animation&quot;:&quot;ta_fadeinup&quot;}\">\n\t\t\t\t<\/div>\n\t\t\t\t\t<\/div>\n\t\t\t\t<\/div>\n\t\t<div class=\"e-con-gap-no elementor-element elementor-element-76869a7 e-con-full e-flex sc_layouts_column_icons_position_left e-con e-parent\" data-id=\"76869a7\" data-element_type=\"container\" data-e-type=\"container\" data-settings=\"{&quot;background_background&quot;:&quot;classic&quot;}\">\n\t\t\t\t<\/div>\n\t\t<div class=\"elementor-element elementor-element-c54df8f e-flex e-con-boxed sc_layouts_column_icons_position_left e-con e-child\" data-id=\"c54df8f\" data-element_type=\"container\" data-e-type=\"container\">\n\t\t\t\t\t<div class=\"e-con-inner\">\n\t\t<div class=\"elementor-element elementor-element-078e9da e-con-full e-flex sc_layouts_column_icons_position_left e-con e-child\" data-id=\"078e9da\" data-element_type=\"container\" data-e-type=\"container\">\n\t\t\t\t<div data-animation-type=\"block\" class=\"elementor-element elementor-element-f742d87 animation_type_block sc_fly_static elementor-invisible elementor-widget elementor-widget-heading\" data-id=\"f742d87\" data-element_type=\"widget\" data-e-type=\"widget\" data-settings=\"{&quot;_animation&quot;:&quot;ta_fadeinup&quot;}\" data-widget_type=\"heading.default\">\n\t\t\t\t<div class=\"elementor-widget-container\">\n\t\t\t\t\t<h1 class=\"elementor-heading-title elementor-size-default\">Selvom vi kan lave on-site undervisning, fortr\u00e6kker vi at gennemf\u00f8re den i vores \"Online Classroom\". <\/h1>\t\t\t\t<\/div>\n\t\t\t\t<\/div>\n\t\t\t\t<\/div>\n\t\t\t\t<div data-animation-type=\"block\" class=\"elementor-element elementor-element-33de763 elementor-widget__width-initial animation_type_block sc_fly_static elementor-invisible elementor-widget elementor-widget-text-editor\" data-id=\"33de763\" data-element_type=\"widget\" data-e-type=\"widget\" data-settings=\"{&quot;_animation&quot;:&quot;ta_fadeinup&quot;}\" data-widget_type=\"text-editor.default\">\n\t\t\t\t<div class=\"elementor-widget-container\">\n\t\t\t\t\t\t\t\t\tVi anbefaler ikke lange tr\u00e6ningss\u00e6ssioner &#8211; normalt er en enkelt time rigeligt til at brugeren selv kan relektere over den nye viden og \u00f8ve sig for sig selv. Remote tr\u00e6ning i vores &#8220;Online Classroom&#8221; har mange fordele i forhold til traditionel on-site tr\u00e6ning. \t\t\t\t\t\t\t\t<\/div>\n\t\t\t\t<\/div>\n\t\t<div data-animation-type=\"block\" class=\"elementor-element elementor-element-fc3a587 e-con-full e-flex sc_layouts_column_icons_position_left animation_type_block elementor-invisible e-con e-child\" data-id=\"fc3a587\" data-element_type=\"container\" data-e-type=\"container\" data-settings=\"{&quot;animation&quot;:&quot;ta_fadeinup&quot;,&quot;background_background&quot;:&quot;classic&quot;}\">\n\t\t<div class=\"elementor-element elementor-element-90fea6d e-con-full e-flex sc_layouts_column_icons_position_left e-con e-child\" data-id=\"90fea6d\" data-element_type=\"container\" data-e-type=\"container\">\n\t\t\t\t<div class=\"elementor-element elementor-element-54b14a8 sc_fly_static elementor-widget elementor-widget-heading\" data-id=\"54b14a8\" data-element_type=\"widget\" data-e-type=\"widget\" data-widget_type=\"heading.default\">\n\t\t\t\t<div class=\"elementor-widget-container\">\n\t\t\t\t\t<h3 class=\"elementor-heading-title elementor-size-default\">Optag undervisningen:<\/h3>\t\t\t\t<\/div>\n\t\t\t\t<\/div>\n\t\t\t\t<\/div>\n\t\t<div class=\"elementor-element elementor-element-98863ba e-con-full e-flex sc_layouts_column_icons_position_left e-con e-child\" data-id=\"98863ba\" data-element_type=\"container\" data-e-type=\"container\">\n\t\t\t\t<div class=\"elementor-element elementor-element-d0310b2 sc_fly_static elementor-widget elementor-widget-text-editor\" data-id=\"d0310b2\" data-element_type=\"widget\" data-e-type=\"widget\" data-widget_type=\"text-editor.default\">\n\t\t\t\t<div class=\"elementor-widget-container\">\n\t\t\t\t\t\t\t\t\tDu kan optage undervisningen p\u00e5 video og selv gense den. Det betyder, at du ikke beh\u00f8ver at bruge tid p\u00e5 at tage noter.\t\t\t\t\t\t\t\t<\/div>\n\t\t\t\t<\/div>\n\t\t\t\t<\/div>\n\t\t\t\t<\/div>\n\t\t<div data-animation-type=\"block\" class=\"elementor-element elementor-element-6bc8205 e-con-full e-flex sc_layouts_column_icons_position_left animation_type_block elementor-invisible e-con e-child\" data-id=\"6bc8205\" data-element_type=\"container\" data-e-type=\"container\" data-settings=\"{&quot;animation&quot;:&quot;ta_fadeinup&quot;,&quot;background_background&quot;:&quot;classic&quot;}\">\n\t\t<div class=\"elementor-element elementor-element-45c37ab e-con-full e-flex sc_layouts_column_icons_position_left e-con e-child\" data-id=\"45c37ab\" data-element_type=\"container\" data-e-type=\"container\">\n\t\t\t\t<div class=\"elementor-element elementor-element-349f463 sc_fly_static elementor-widget elementor-widget-heading\" data-id=\"349f463\" data-element_type=\"widget\" data-e-type=\"widget\" data-widget_type=\"heading.default\">\n\t\t\t\t<div class=\"elementor-widget-container\">\n\t\t\t\t\t<h3 class=\"elementor-heading-title elementor-size-default\">Split tr\u00e6ningen op: <\/h3>\t\t\t\t<\/div>\n\t\t\t\t<\/div>\n\t\t\t\t<\/div>\n\t\t<div class=\"elementor-element elementor-element-8662bc0 e-con-full e-flex sc_layouts_column_icons_position_left e-con e-child\" data-id=\"8662bc0\" data-element_type=\"container\" data-e-type=\"container\">\n\t\t\t\t<div class=\"elementor-element elementor-element-39bdd82 sc_fly_static elementor-widget elementor-widget-text-editor\" data-id=\"39bdd82\" data-element_type=\"widget\" data-e-type=\"widget\" data-widget_type=\"text-editor.default\">\n\t\t\t\t<div class=\"elementor-widget-container\">\n\t\t\t\t\t\t\t\t\t<p>1 fuld dags tr\u00e6ning, eller 2 halve dages tr\u00e6ning? Eller hvad med en enkelt times tr\u00e6ning fordelt over 8 dage?<\/p><p>Hvad ville du fortr\u00e6kke? Der er ingen grund til at sidde igennem en hel dags tr\u00e6ning, n\u00e5r du har mulighed for at opsplitte den. Det er udmattende at l\u00e6re og de f\u00e6rreste er i stand til at koncentrere sig effektivt i meget mere end et par timer. Remote tr\u00e6ning giver os en stor fleksibilitet, som ikke var muligt f\u00f8r i tiden.<\/p>\t\t\t\t\t\t\t\t<\/div>\n\t\t\t\t<\/div>\n\t\t\t\t<\/div>\n\t\t\t\t<\/div>\n\t\t<div data-animation-type=\"block\" class=\"elementor-element elementor-element-2a68f30 e-con-full e-flex sc_layouts_column_icons_position_left animation_type_block elementor-invisible e-con e-child\" data-id=\"2a68f30\" data-element_type=\"container\" data-e-type=\"container\" data-settings=\"{&quot;animation&quot;:&quot;ta_fadeinup&quot;,&quot;background_background&quot;:&quot;classic&quot;}\">\n\t\t<div class=\"elementor-element elementor-element-8d2ac19 e-con-full e-flex sc_layouts_column_icons_position_left e-con e-child\" data-id=\"8d2ac19\" data-element_type=\"container\" data-e-type=\"container\">\n\t\t\t\t<div class=\"elementor-element elementor-element-985dffa sc_fly_static elementor-widget elementor-widget-heading\" data-id=\"985dffa\" data-element_type=\"widget\" data-e-type=\"widget\" data-widget_type=\"heading.default\">\n\t\t\t\t<div class=\"elementor-widget-container\">\n\t\t\t\t\t<h3 class=\"elementor-heading-title elementor-size-default\">1-til-1 eller gruppeundervisning:<\/h3>\t\t\t\t<\/div>\n\t\t\t\t<\/div>\n\t\t\t\t<\/div>\n\t\t<div class=\"elementor-element elementor-element-5c0a912 e-con-full e-flex sc_layouts_column_icons_position_left e-con e-child\" data-id=\"5c0a912\" data-element_type=\"container\" data-e-type=\"container\">\n\t\t\t\t<div class=\"elementor-element elementor-element-84a8c38 sc_fly_static elementor-widget elementor-widget-text-editor\" data-id=\"84a8c38\" data-element_type=\"widget\" data-e-type=\"widget\" data-widget_type=\"text-editor.default\">\n\t\t\t\t<div class=\"elementor-widget-container\">\n\t\t\t\t\t\t\t\t\tDet giver sj\u00e6ldent mening, at undervise mere end \u00e9n eller to personer i et givent omr\u00e5de af Dynamics NAV Business Central. Oftest er et givent forretningsomr\u00e5de h\u00e5ndteret af bare 1-2 medarbejdere. I vores Online Classroom kan vi lave 1-til-1 undervisning eller gruppeundervisning afh\u00e6ngig af hvad der passer bedst. \t\t\t\t\t\t\t\t<\/div>\n\t\t\t\t<\/div>\n\t\t\t\t<\/div>\n\t\t\t\t<\/div>\n\t\t<div data-animation-type=\"block\" class=\"elementor-element elementor-element-ee43a2c e-con-full e-flex sc_layouts_column_icons_position_left animation_type_block elementor-invisible e-con e-child\" data-id=\"ee43a2c\" data-element_type=\"container\" data-e-type=\"container\" data-settings=\"{&quot;animation&quot;:&quot;ta_fadeinup&quot;,&quot;background_background&quot;:&quot;classic&quot;}\">\n\t\t<div class=\"elementor-element elementor-element-b57705d e-con-full e-flex sc_layouts_column_icons_position_left e-con e-child\" data-id=\"b57705d\" data-element_type=\"container\" data-e-type=\"container\">\n\t\t\t\t<div class=\"elementor-element elementor-element-1c36d5d sc_fly_static elementor-widget elementor-widget-heading\" data-id=\"1c36d5d\" data-element_type=\"widget\" data-e-type=\"widget\" data-widget_type=\"heading.default\">\n\t\t\t\t<div class=\"elementor-widget-container\">\n\t\t\t\t\t<h3 class=\"elementor-heading-title elementor-size-default\">Geografi er ikke en forhindring: <\/h3>\t\t\t\t<\/div>\n\t\t\t\t<\/div>\n\t\t\t\t<\/div>\n\t\t<div class=\"elementor-element elementor-element-f4a572e e-con-full e-flex sc_layouts_column_icons_position_left e-con e-child\" data-id=\"f4a572e\" data-element_type=\"container\" data-e-type=\"container\">\n\t\t\t\t<div class=\"elementor-element elementor-element-fa9903c sc_fly_static elementor-widget elementor-widget-text-editor\" data-id=\"fa9903c\" data-element_type=\"widget\" data-e-type=\"widget\" data-widget_type=\"text-editor.default\">\n\t\t\t\t<div class=\"elementor-widget-container\">\n\t\t\t\t\t\t\t\t\t<p>Har jeres virksomhed flere geografiske lokationer? I vores Online Classroom, kan alle deltage uanset hvor de befinder sig &#8211; det eneste vi har brug for er en internetforbindelse.<\/p>\t\t\t\t\t\t\t\t<\/div>\n\t\t\t\t<\/div>\n\t\t\t\t<\/div>\n\t\t\t\t<\/div>\n\t\t<div data-animation-type=\"block\" class=\"elementor-element elementor-element-80a6ed8 e-con-full e-flex sc_layouts_column_icons_position_left animation_type_block elementor-invisible e-con e-child\" data-id=\"80a6ed8\" data-element_type=\"container\" data-e-type=\"container\" data-settings=\"{&quot;animation&quot;:&quot;ta_fadeinup&quot;,&quot;background_background&quot;:&quot;classic&quot;}\">\n\t\t<div class=\"elementor-element elementor-element-b8ccb91 e-con-full e-flex sc_layouts_column_icons_position_left e-con e-child\" data-id=\"b8ccb91\" data-element_type=\"container\" data-e-type=\"container\">\n\t\t\t\t<div class=\"elementor-element elementor-element-3759120 sc_fly_static elementor-widget elementor-widget-heading\" data-id=\"3759120\" data-element_type=\"widget\" data-e-type=\"widget\" data-widget_type=\"heading.default\">\n\t\t\t\t<div class=\"elementor-widget-container\">\n\t\t\t\t\t<h3 class=\"elementor-heading-title elementor-size-default\">On-site undervisning:<\/h3>\t\t\t\t<\/div>\n\t\t\t\t<\/div>\n\t\t\t\t<\/div>\n\t\t<div class=\"elementor-element elementor-element-69ec520 e-con-full e-flex sc_layouts_column_icons_position_left e-con e-child\" data-id=\"69ec520\" data-element_type=\"container\" data-e-type=\"container\">\n\t\t\t\t<div class=\"elementor-element elementor-element-3d7cd41 sc_fly_static elementor-widget elementor-widget-text-editor\" data-id=\"3d7cd41\" data-element_type=\"widget\" data-e-type=\"widget\" data-widget_type=\"text-editor.default\">\n\t\t\t\t<div class=\"elementor-widget-container\">\n\t\t\t\t\t\t\t\t\tHvis I fortr\u00e6kker det, kan vi dog gennemf\u00f8re on-site undervisning i hele Danmark.\t\t\t\t\t\t\t\t<\/div>\n\t\t\t\t<\/div>\n\t\t\t\t<\/div>\n\t\t\t\t<\/div>\n\t\t\t\t\t<\/div>\n\t\t\t\t<\/div>\n\t\t\t\t<\/div>\n\t\t","protected":false},"excerpt":{"rendered":"<p>Undervisning Vi mener, at l\u00e6ring skal&hellip;<\/p>\n","protected":false},"author":1,"featured_media":0,"parent":0,"menu_order":0,"comment_status":"closed","ping_status":"closed","template":"","meta":{"inline_featured_image":false,"footnotes":""},"class_list":["post-4293","page","type-page","status-publish","hentry"],"_links":{"self":[{"href":"https:\/\/agiligroup.com\/da\/wp-json\/wp\/v2\/pages\/4293","targetHints":{"allow":["GET"]}}],"collection":[{"href":"https:\/\/agiligroup.com\/da\/wp-json\/wp\/v2\/pages"}],"about":[{"href":"https:\/\/agiligroup.com\/da\/wp-json\/wp\/v2\/types\/page"}],"author":[{"embeddable":true,"href":"https:\/\/agiligroup.com\/da\/wp-json\/wp\/v2\/users\/1"}],"replies":[{"embeddable":true,"href":"https:\/\/agiligroup.com\/da\/wp-json\/wp\/v2\/comments?post=4293"}],"version-history":[{"count":14,"href":"https:\/\/agiligroup.com\/da\/wp-json\/wp\/v2\/pages\/4293\/revisions"}],"predecessor-version":[{"id":4999,"href":"https:\/\/agiligroup.com\/da\/wp-json\/wp\/v2\/pages\/4293\/revisions\/4999"}],"wp:attachment":[{"href":"https:\/\/agiligroup.com\/da\/wp-json\/wp\/v2\/media?parent=4293"}],"curies":[{"name":"wp","href":"https:\/\/api.w.org\/{rel}","templated":true}]}}