{"id":4285,"date":"2026-01-26T12:03:42","date_gmt":"2026-01-26T12:03:42","guid":{"rendered":"https:\/\/agiligroup.com\/development\/"},"modified":"2026-04-06T11:09:12","modified_gmt":"2026-04-06T11:09:12","slug":"development","status":"publish","type":"page","link":"https:\/\/agiligroup.com\/da\/development\/","title":{"rendered":"Udvikling"},"content":{"rendered":"\t\t<div data-elementor-type=\"wp-page\" data-elementor-id=\"4285\" class=\"elementor elementor-4285 elementor-3225\" data-elementor-post-type=\"page\">\n\t\t\t\t<div class=\"elementor-element elementor-element-e3efc0a e-flex e-con-boxed sc_layouts_column_icons_position_left e-con e-child\" data-id=\"e3efc0a\" data-element_type=\"container\" data-e-type=\"container\">\n\t\t\t\t\t<div class=\"e-con-inner\">\n\t\t<div class=\"elementor-element elementor-element-fc1063e e-con-full e-flex sc_layouts_column_icons_position_left e-con e-child\" data-id=\"fc1063e\" data-element_type=\"container\" data-e-type=\"container\">\n\t\t\t\t<div data-animation-type=\"block\" class=\"elementor-element elementor-element-c4fbe6d animation_type_block sc_fly_static elementor-invisible elementor-widget elementor-widget-heading\" data-id=\"c4fbe6d\" data-element_type=\"widget\" data-e-type=\"widget\" data-settings=\"{&quot;_animation&quot;:&quot;ta_fadeinup&quot;}\" data-widget_type=\"heading.default\">\n\t\t\t\t<div class=\"elementor-widget-container\">\n\t\t\t\t\t<h6 class=\"elementor-heading-title elementor-size-default\">UDVIKLING<\/h6>\t\t\t\t<\/div>\n\t\t\t\t<\/div>\n\t\t\t\t<div data-animation-type=\"block\" class=\"elementor-element elementor-element-0e0fe88 animation_type_block sc_fly_static elementor-invisible elementor-widget elementor-widget-heading\" data-id=\"0e0fe88\" data-element_type=\"widget\" data-e-type=\"widget\" data-settings=\"{&quot;_animation&quot;:&quot;ta_fadeinup&quot;}\" data-widget_type=\"heading.default\">\n\t\t\t\t<div class=\"elementor-widget-container\">\n\t\t\t\t\t<h1 class=\"elementor-heading-title elementor-size-default\">Vi kan udvikle hvad som helt i Dynamics Business Central.<\/h1>\t\t\t\t<\/div>\n\t\t\t\t<\/div>\n\t\t\t\t<\/div>\n\t\t<div class=\"e-con-gap-no elementor-element elementor-element-9a6c63f e-con-full e-flex sc_layouts_column_icons_position_left animation_type_block elementor-invisible e-con e-child\" data-animation-type=\"block\" data-id=\"9a6c63f\" data-element_type=\"container\" data-e-type=\"container\" data-settings=\"{&quot;position&quot;:&quot;absolute&quot;,&quot;animation&quot;:&quot;ta_fadeinup&quot;}\">\n\t\t\t\t<\/div>\n\t\t\t\t\t<\/div>\n\t\t\t\t<\/div>\n\t\t<div class=\"e-con-gap-no elementor-element elementor-element-1256aa5 e-con-full e-flex sc_layouts_column_icons_position_left e-con e-parent\" data-id=\"1256aa5\" data-element_type=\"container\" data-e-type=\"container\" data-settings=\"{&quot;background_background&quot;:&quot;classic&quot;}\">\n\t\t\t\t<\/div>\n\t\t<div class=\"elementor-element elementor-element-7823d99 e-flex e-con-boxed sc_layouts_column_icons_position_left e-con e-child\" data-id=\"7823d99\" data-element_type=\"container\" data-e-type=\"container\">\n\t\t\t\t\t<div class=\"e-con-inner\">\n\t\t<div class=\"elementor-element elementor-element-6b9771c e-con-full e-flex sc_layouts_column_icons_position_left e-con e-child\" data-id=\"6b9771c\" data-element_type=\"container\" data-e-type=\"container\">\n\t\t\t\t<div data-animation-type=\"block\" class=\"elementor-element elementor-element-7917891 animation_type_block sc_fly_static elementor-invisible elementor-widget elementor-widget-heading\" data-id=\"7917891\" data-element_type=\"widget\" data-e-type=\"widget\" data-settings=\"{&quot;_animation&quot;:&quot;ta_fadeinup&quot;}\" data-widget_type=\"heading.default\">\n\t\t\t\t<div class=\"elementor-widget-container\">\n\t\t\t\t\t<h6 class=\"elementor-heading-title elementor-size-default\">Skr\u00e6ddersyet udvikling<\/h6>\t\t\t\t<\/div>\n\t\t\t\t<\/div>\n\t\t\t\t<div data-animation-type=\"block\" class=\"elementor-element elementor-element-2e2f83b animation_type_block sc_fly_static elementor-invisible elementor-widget elementor-widget-heading\" data-id=\"2e2f83b\" data-element_type=\"widget\" data-e-type=\"widget\" data-settings=\"{&quot;_animation&quot;:&quot;ta_fadeinup&quot;}\" data-widget_type=\"heading.default\">\n\t\t\t\t<div class=\"elementor-widget-container\">\n\t\t\t\t\t<h1 class=\"elementor-heading-title elementor-size-default\">Specialudvikling til Dynamics 365 Business Central\n<\/h1>\t\t\t\t<\/div>\n\t\t\t\t<\/div>\n\t\t\t\t<\/div>\n\t\t<div data-animation-type=\"block\" class=\"elementor-element elementor-element-f2296c7 e-con-full e-flex sc_layouts_column_icons_position_left animation_type_block elementor-invisible e-con e-child\" data-id=\"f2296c7\" data-element_type=\"container\" data-e-type=\"container\" data-settings=\"{&quot;animation&quot;:&quot;ta_fadeinup&quot;,&quot;background_background&quot;:&quot;classic&quot;}\">\n\t\t<div class=\"elementor-element elementor-element-d0ea399 e-con-full e-flex sc_layouts_column_icons_position_left e-con e-child\" data-id=\"d0ea399\" data-element_type=\"container\" data-e-type=\"container\">\n\t\t\t\t<div class=\"elementor-element elementor-element-61be650 sc_fly_static elementor-widget elementor-widget-heading\" data-id=\"61be650\" data-element_type=\"widget\" data-e-type=\"widget\" data-widget_type=\"heading.default\">\n\t\t\t\t<div class=\"elementor-widget-container\">\n\t\t\t\t\t<h3 class=\"elementor-heading-title elementor-size-default\">Integrationer:<\/h3>\t\t\t\t<\/div>\n\t\t\t\t<\/div>\n\t\t\t\t<\/div>\n\t\t<div class=\"elementor-element elementor-element-aab8123 e-con-full e-flex sc_layouts_column_icons_position_left e-con e-child\" data-id=\"aab8123\" data-element_type=\"container\" data-e-type=\"container\">\n\t\t\t\t<div class=\"elementor-element elementor-element-f88ffa5 sc_fly_static elementor-widget elementor-widget-text-editor\" data-id=\"f88ffa5\" data-element_type=\"widget\" data-e-type=\"widget\" data-widget_type=\"text-editor.default\">\n\t\t\t\t<div class=\"elementor-widget-container\">\n\t\t\t\t\t\t\t\t\t<p>Skal Dynamics Business Central integrere til et andet program? M\u00e5ske en web shop? M\u00e5ske et program til at udregne fragt omkostninger? Det er ikke noget problem.<\/p>\t\t\t\t\t\t\t\t<\/div>\n\t\t\t\t<\/div>\n\t\t\t\t<\/div>\n\t\t\t\t<\/div>\n\t\t<div data-animation-type=\"block\" class=\"elementor-element elementor-element-17ef506 e-con-full e-flex sc_layouts_column_icons_position_left animation_type_block elementor-invisible e-con e-child\" data-id=\"17ef506\" data-element_type=\"container\" data-e-type=\"container\" data-settings=\"{&quot;animation&quot;:&quot;ta_fadeinup&quot;,&quot;background_background&quot;:&quot;classic&quot;}\">\n\t\t<div class=\"elementor-element elementor-element-731ac2b e-con-full e-flex sc_layouts_column_icons_position_left e-con e-child\" data-id=\"731ac2b\" data-element_type=\"container\" data-e-type=\"container\">\n\t\t\t\t<div class=\"elementor-element elementor-element-f7d4d6b sc_fly_static elementor-widget elementor-widget-heading\" data-id=\"f7d4d6b\" data-element_type=\"widget\" data-e-type=\"widget\" data-widget_type=\"heading.default\">\n\t\t\t\t<div class=\"elementor-widget-container\">\n\t\t\t\t\t<h3 class=\"elementor-heading-title elementor-size-default\">Moduler:<\/h3>\t\t\t\t<\/div>\n\t\t\t\t<\/div>\n\t\t\t\t<\/div>\n\t\t<div class=\"elementor-element elementor-element-00109b0 e-con-full e-flex sc_layouts_column_icons_position_left e-con e-child\" data-id=\"00109b0\" data-element_type=\"container\" data-e-type=\"container\">\n\t\t\t\t<div class=\"elementor-element elementor-element-0c8d45f sc_fly_static elementor-widget elementor-widget-text-editor\" data-id=\"0c8d45f\" data-element_type=\"widget\" data-e-type=\"widget\" data-widget_type=\"text-editor.default\">\n\t\t\t\t<div class=\"elementor-widget-container\">\n\t\t\t\t\t\t\t\t\t<p>Har du brug for at f\u00e5 udviklet et nyt modul i Business Central? M\u00e5ske er du en ordreproducerende virksomhed og har brug for et advanceret kvalitetsmodul? Eller m\u00e5ske har du brug for en special udviklet produktkonfigurator? Det kan vi hj\u00e6lpe med.<\/p>\t\t\t\t\t\t\t\t<\/div>\n\t\t\t\t<\/div>\n\t\t\t\t<\/div>\n\t\t\t\t<\/div>\n\t\t<div data-animation-type=\"block\" class=\"elementor-element elementor-element-96a12b3 e-con-full e-flex sc_layouts_column_icons_position_left animation_type_block elementor-invisible e-con e-child\" data-id=\"96a12b3\" data-element_type=\"container\" data-e-type=\"container\" data-settings=\"{&quot;animation&quot;:&quot;ta_fadeinup&quot;,&quot;background_background&quot;:&quot;classic&quot;}\">\n\t\t<div class=\"elementor-element elementor-element-d4f54be e-con-full e-flex sc_layouts_column_icons_position_left e-con e-child\" data-id=\"d4f54be\" data-element_type=\"container\" data-e-type=\"container\">\n\t\t\t\t<div class=\"elementor-element elementor-element-5c74ea4 sc_fly_static elementor-widget elementor-widget-heading\" data-id=\"5c74ea4\" data-element_type=\"widget\" data-e-type=\"widget\" data-widget_type=\"heading.default\">\n\t\t\t\t<div class=\"elementor-widget-container\">\n\t\t\t\t\t<h3 class=\"elementor-heading-title elementor-size-default\">Automations:<\/h3>\t\t\t\t<\/div>\n\t\t\t\t<\/div>\n\t\t\t\t<\/div>\n\t\t<div class=\"elementor-element elementor-element-a3abbc5 e-con-full e-flex sc_layouts_column_icons_position_left e-con e-child\" data-id=\"a3abbc5\" data-element_type=\"container\" data-e-type=\"container\">\n\t\t\t\t<div class=\"elementor-element elementor-element-b20538f sc_fly_static elementor-widget elementor-widget-text-editor\" data-id=\"b20538f\" data-element_type=\"widget\" data-e-type=\"widget\" data-widget_type=\"text-editor.default\">\n\t\t\t\t<div class=\"elementor-widget-container\">\n\t\t\t\t\t\t\t\t\t<p>M\u00e5ske gentager jeres medarbejdere de samme simple handlinger igen og igen og I \u00f8nsker derfor at automatisere det? M\u00e5ske har I brug for at f\u00e5 jeres 10.000 varer opdateret med ny information og \u00f8nsker at g\u00f8re dette med en automatiseret k\u00f8rsel? Vi hj\u00e6lper med gl\u00e6de.<\/p>\t\t\t\t\t\t\t\t<\/div>\n\t\t\t\t<\/div>\n\t\t\t\t<\/div>\n\t\t\t\t<\/div>\n\t\t<div data-animation-type=\"block\" class=\"elementor-element elementor-element-4756462 e-con-full e-flex sc_layouts_column_icons_position_left animation_type_block elementor-invisible e-con e-child\" data-id=\"4756462\" data-element_type=\"container\" data-e-type=\"container\" data-settings=\"{&quot;animation&quot;:&quot;ta_fadeinup&quot;,&quot;background_background&quot;:&quot;classic&quot;}\">\n\t\t<div class=\"elementor-element elementor-element-f4b7f0c e-con-full e-flex sc_layouts_column_icons_position_left e-con e-child\" data-id=\"f4b7f0c\" data-element_type=\"container\" data-e-type=\"container\">\n\t\t\t\t<div class=\"elementor-element elementor-element-914b884 sc_fly_static elementor-widget elementor-widget-heading\" data-id=\"914b884\" data-element_type=\"widget\" data-e-type=\"widget\" data-widget_type=\"heading.default\">\n\t\t\t\t<div class=\"elementor-widget-container\">\n\t\t\t\t\t<h3 class=\"elementor-heading-title elementor-size-default\">Rapporter:<\/h3>\t\t\t\t<\/div>\n\t\t\t\t<\/div>\n\t\t\t\t<\/div>\n\t\t<div class=\"elementor-element elementor-element-7f243e3 e-con-full e-flex sc_layouts_column_icons_position_left e-con e-child\" data-id=\"7f243e3\" data-element_type=\"container\" data-e-type=\"container\">\n\t\t\t\t<div class=\"elementor-element elementor-element-e2ebf5e sc_fly_static elementor-widget elementor-widget-text-editor\" data-id=\"e2ebf5e\" data-element_type=\"widget\" data-e-type=\"widget\" data-widget_type=\"text-editor.default\">\n\t\t\t\t<div class=\"elementor-widget-container\">\n\t\t\t\t\t\t\t\t\t<p>Har du brug for en skr\u00e6dersyet rapport til produktionen? Eller m\u00e5ske eksporterer I til et land, som kr\u00e6ver specielle importpapirer. Det ordner vi.<\/p>\t\t\t\t\t\t\t\t<\/div>\n\t\t\t\t<\/div>\n\t\t\t\t<\/div>\n\t\t\t\t<\/div>\n\t\t<div data-animation-type=\"block\" class=\"elementor-element elementor-element-bfe1924 e-con-full e-flex sc_layouts_column_icons_position_left animation_type_block elementor-invisible e-con e-child\" data-id=\"bfe1924\" data-element_type=\"container\" data-e-type=\"container\" data-settings=\"{&quot;animation&quot;:&quot;ta_fadeinup&quot;,&quot;background_background&quot;:&quot;classic&quot;}\">\n\t\t<div class=\"elementor-element elementor-element-618daef e-con-full e-flex sc_layouts_column_icons_position_left e-con e-child\" data-id=\"618daef\" data-element_type=\"container\" data-e-type=\"container\">\n\t\t\t\t<div class=\"elementor-element elementor-element-3bc5cb5 sc_fly_static elementor-widget elementor-widget-heading\" data-id=\"3bc5cb5\" data-element_type=\"widget\" data-e-type=\"widget\" data-widget_type=\"heading.default\">\n\t\t\t\t<div class=\"elementor-widget-container\">\n\t\t\t\t\t<h3 class=\"elementor-heading-title elementor-size-default\">Sm\u00e5 Tilretninger:<\/h3>\t\t\t\t<\/div>\n\t\t\t\t<\/div>\n\t\t\t\t<\/div>\n\t\t<div class=\"elementor-element elementor-element-1ca0768 e-con-full e-flex sc_layouts_column_icons_position_left e-con e-child\" data-id=\"1ca0768\" data-element_type=\"container\" data-e-type=\"container\">\n\t\t\t\t<div class=\"elementor-element elementor-element-29392cc sc_fly_static elementor-widget elementor-widget-text-editor\" data-id=\"29392cc\" data-element_type=\"widget\" data-e-type=\"widget\" data-widget_type=\"text-editor.default\">\n\t\t\t\t<div class=\"elementor-widget-container\">\n\t\t\t\t\t\t\t\t\t<p>M\u00e5ske har I brug for ekstra felter p\u00e5 varekortet? M\u00e5ske har I brug for at gruppere jeres kunder p\u00e5 en speciel m\u00e5de? M\u00e5ske skal afskrivningerne p\u00e5 jeres faste aktiver udregnes efter en branchespecifik metode? Det er ikke noget problem.<\/p>\t\t\t\t\t\t\t\t<\/div>\n\t\t\t\t<\/div>\n\t\t\t\t<\/div>\n\t\t\t\t<\/div>\n\t\t<div class=\"elementor-element elementor-element-73b87ef e-con-full e-flex sc_layouts_column_icons_position_left e-con e-child\" data-id=\"73b87ef\" data-element_type=\"container\" data-e-type=\"container\">\n\t\t<div class=\"elementor-element elementor-element-4febb56 e-flex e-con-boxed sc_layouts_column_icons_position_left e-con e-child\" data-id=\"4febb56\" data-element_type=\"container\" data-e-type=\"container\">\n\t\t\t\t\t<div class=\"e-con-inner\">\n\t\t<div class=\"elementor-element elementor-element-3654b7c e-con-full e-flex sc_layouts_column_icons_position_left e-con e-child\" data-id=\"3654b7c\" data-element_type=\"container\" data-e-type=\"container\">\n\t\t\t\t<div data-animation-type=\"block\" class=\"elementor-element elementor-element-5a2376f animation_type_block sc_fly_static elementor-invisible elementor-widget elementor-widget-heading\" data-id=\"5a2376f\" data-element_type=\"widget\" data-e-type=\"widget\" data-settings=\"{&quot;_animation_delay&quot;:50,&quot;_animation&quot;:&quot;ta_fadeinup&quot;}\" data-widget_type=\"heading.default\">\n\t\t\t\t<div class=\"elementor-widget-container\">\n\t\t\t\t\t<h3 class=\"elementor-heading-title elementor-size-default\">S\u00e5 vi kan udvikle alt i Dynamics Business Central.<\/h3>\t\t\t\t<\/div>\n\t\t\t\t<\/div>\n\t\t\t\t<\/div>\n\t\t<div class=\"elementor-element elementor-element-697ad26 e-con-full e-flex sc_layouts_column_icons_position_left e-con e-child\" data-id=\"697ad26\" data-element_type=\"container\" data-e-type=\"container\">\n\t\t\t\t<div data-animation-type=\"block\" class=\"elementor-element elementor-element-6200fe8 animation_type_block sc_fly_static elementor-invisible elementor-widget elementor-widget-text-editor\" data-id=\"6200fe8\" data-element_type=\"widget\" data-e-type=\"widget\" data-settings=\"{&quot;_animation_delay&quot;:100,&quot;_animation&quot;:&quot;ta_fadeinup&quot;}\" data-widget_type=\"text-editor.default\">\n\t\t\t\t<div class=\"elementor-widget-container\">\n\t\t\t\t\t\t\t\t\t<p>Vi kan p\u00e5tage os enhver udvikling i Business Central, stor eller lille, fra tilf\u00f8jelse af et simpelt feldt til et komplekst skr\u00e6dersyet modul.<\/p>\t\t\t\t\t\t\t\t<\/div>\n\t\t\t\t<\/div>\n\t\t\t\t<div data-animation-type=\"block\" class=\"elementor-element elementor-element-1b1b600 elementor-mobile-align-center get-started elementor-hidden-desktop elementor-hidden-tablet elementor-hidden-mobile animation_type_block sc_fly_static elementor-invisible elementor-widget elementor-widget-button\" data-id=\"1b1b600\" data-element_type=\"widget\" data-e-type=\"widget\" data-settings=\"{&quot;_animation&quot;:&quot;ta_fadeinup&quot;,&quot;_animation_delay&quot;:500}\" data-widget_type=\"button.default\">\n\t\t\t\t<div class=\"elementor-widget-container\">\n\t\t\t\t\t\t\t\t\t<div class=\"elementor-button-wrapper\">\n\t\t\t\t\t<a class=\"elementor-button elementor-size-sm\" role=\"button\">\n\t\t\t\t\t\t<span class=\"elementor-button-content-wrapper\">\n\t\t\t\t\t\t\t\t\t<span class=\"elementor-button-text\">Get Started<\/span>\n\t\t\t\t\t<\/span>\n\t\t\t\t\t<\/a>\n\t\t\t\t<\/div>\n\t\t\t\t\t\t\t\t<\/div>\n\t\t\t\t<\/div>\n\t\t\t\t<\/div>\n\t\t\t\t\t<\/div>\n\t\t\t\t<\/div>\n\t\t\t\t<\/div>\n\t\t\t\t\t<\/div>\n\t\t\t\t<\/div>\n\t\t\t\t<\/div>\n\t\t","protected":false},"excerpt":{"rendered":"<p>UDVIKLING Vi kan udvikle hvad som&hellip;<\/p>\n","protected":false},"author":1,"featured_media":0,"parent":0,"menu_order":0,"comment_status":"closed","ping_status":"closed","template":"","meta":{"inline_featured_image":false,"footnotes":""},"class_list":["post-4285","page","type-page","status-publish","hentry"],"_links":{"self":[{"href":"https:\/\/agiligroup.com\/da\/wp-json\/wp\/v2\/pages\/4285","targetHints":{"allow":["GET"]}}],"collection":[{"href":"https:\/\/agiligroup.com\/da\/wp-json\/wp\/v2\/pages"}],"about":[{"href":"https:\/\/agiligroup.com\/da\/wp-json\/wp\/v2\/types\/page"}],"author":[{"embeddable":true,"href":"https:\/\/agiligroup.com\/da\/wp-json\/wp\/v2\/users\/1"}],"replies":[{"embeddable":true,"href":"https:\/\/agiligroup.com\/da\/wp-json\/wp\/v2\/comments?post=4285"}],"version-history":[{"count":21,"href":"https:\/\/agiligroup.com\/da\/wp-json\/wp\/v2\/pages\/4285\/revisions"}],"predecessor-version":[{"id":4996,"href":"https:\/\/agiligroup.com\/da\/wp-json\/wp\/v2\/pages\/4285\/revisions\/4996"}],"wp:attachment":[{"href":"https:\/\/agiligroup.com\/da\/wp-json\/wp\/v2\/media?parent=4285"}],"curies":[{"name":"wp","href":"https:\/\/api.w.org\/{rel}","templated":true}]}}